{"id":24544,"date":"2023-02-22T08:55:10","date_gmt":"2023-02-22T08:55:10","guid":{"rendered":"https:\/\/www.vias3d.com\/gexcon-socios\/"},"modified":"2024-05-16T06:52:44","modified_gmt":"2024-05-16T06:52:44","slug":"gexcon-socios","status":"publish","type":"page","link":"https:\/\/vias3d.live\/co\/gexcon-socios\/","title":{"rendered":"GEXCON- Socios"},"content":{"rendered":"[vc_row type=&#8221;full_width_content&#8221; full_screen_row_position=&#8221;middle&#8221; column_margin=&#8221;default&#8221; column_direction=&#8221;default&#8221; column_direction_tablet=&#8221;default&#8221; column_direction_phone=&#8221;default&#8221; scene_position=&#8221;center&#8221; bottom_padding=&#8221;5%&#8221; left_padding_desktop=&#8221;27%&#8221; constrain_group_2=&#8221;yes&#8221; right_padding_desktop=&#8221;27%&#8221; top_padding_tablet=&#8221;20%&#8221; bottom_padding_tablet=&#8221;10%&#8221; left_padding_tablet=&#8221;20%&#8221; constrain_group_4=&#8221;yes&#8221; right_padding_tablet=&#8221;20%&#8221; left_padding_phone=&#8221;6%&#8221; constrain_group_6=&#8221;yes&#8221; right_padding_phone=&#8221;6%&#8221; text_color=&#8221;dark&#8221; text_align=&#8221;left&#8221; row_border_radius=&#8221;none&#8221; row_border_radius_applies=&#8221;bg&#8221; overflow=&#8221;visible&#8221; advanced_gradient_angle=&#8221;0&#8243; overlay_strength=&#8221;0.3&#8243; gradient_direction=&#8221;left_to_right&#8221; shape_divider_position=&#8221;bottom&#8221; bg_image_animation=&#8221;none&#8221; gradient_type=&#8221;default&#8221; shape_type=&#8221;&#8221;][vc_column column_padding=&#8221;no-extra-padding&#8221; column_padding_tablet=&#8221;inherit&#8221; column_padding_phone=&#8221;inherit&#8221; column_padding_position=&#8221;all&#8221; column_element_direction_desktop=&#8221;default&#8221; column_element_spacing=&#8221;0px&#8221; centered_text=&#8221;true&#8221; desktop_text_alignment=&#8221;default&#8221; tablet_text_alignment=&#8221;default&#8221; phone_text_alignment=&#8221;default&#8221; background_color_opacity=&#8221;1&#8243; background_hover_color_opacity=&#8221;1&#8243; column_backdrop_filter=&#8221;none&#8221; column_shadow=&#8221;none&#8221; column_border_radius=&#8221;none&#8221; column_link_target=&#8221;_self&#8221; column_position=&#8221;default&#8221; advanced_gradient_angle=&#8221;0&#8243; gradient_direction=&#8221;left_to_right&#8221; overlay_strength=&#8221;0.3&#8243; width=&#8221;1\/1&#8243; tablet_width_inherit=&#8221;default&#8221; animation_type=&#8221;default&#8221; bg_image_animation=&#8221;none&#8221; border_type=&#8221;simple&#8221; column_border_width=&#8221;none&#8221; column_border_style=&#8221;solid&#8221; gradient_type=&#8221;default&#8221;][divider line_type=&#8221;No Line&#8221; custom_height=&#8221;30vh&#8221;][vc_row_inner column_margin=&#8221;20px&#8221; column_direction=&#8221;default&#8221; column_direction_tablet=&#8221;default&#8221; column_direction_phone=&#8221;default&#8221; text_align=&#8221;left&#8221; row_position=&#8221;default&#8221; row_position_tablet=&#8221;inherit&#8221; row_position_phone=&#8221;inherit&#8221; overflow=&#8221;visible&#8221; pointer_events=&#8221;all&#8221;][vc_column_inner column_padding=&#8221;no-extra-padding&#8221; column_padding_tablet=&#8221;inherit&#8221; column_padding_phone=&#8221;inherit&#8221; column_padding_position=&#8221;all&#8221; bottom_margin=&#8221;20&#8243; column_element_direction_desktop=&#8221;default&#8221; column_element_spacing=&#8221;0px&#8221; desktop_text_alignment=&#8221;default&#8221; tablet_text_alignment=&#8221;default&#8221; phone_text_alignment=&#8221;default&#8221; background_color_opacity=&#8221;1&#8243; background_hover_color_opacity=&#8221;1&#8243; column_backdrop_filter=&#8221;none&#8221; column_shadow=&#8221;none&#8221; column_border_radius=&#8221;none&#8221; column_link_target=&#8221;_self&#8221; overflow=&#8221;visible&#8221; advanced_gradient_angle=&#8221;0&#8243; gradient_direction=&#8221;left_to_right&#8221; overlay_strength=&#8221;0.3&#8243; width=&#8221;1\/1&#8243; tablet_width_inherit=&#8221;default&#8221; animation_type=&#8221;default&#8221; enable_animation=&#8221;true&#8221; animation=&#8221;fade-in-from-bottom&#8221; animation_easing=&#8221;default&#8221; bg_image_animation=&#8221;none&#8221; border_type=&#8221;simple&#8221; column_border_width=&#8221;none&#8221; column_border_style=&#8221;solid&#8221; gradient_type=&#8221;default&#8221; animation_offset=&#8221;80%&#8221;][nectar_highlighted_text scribble_color=&#8221;#ee7713&#8243; style=&#8221;scribble&#8221; scribble_shape=&#8221;basic-underline&#8221; scribble_thickness=&#8221;regular&#8221; scribble_speed=&#8221;1.8s&#8221; scribble_easing=&#8221;ease_in_out&#8221; custom_font_size=&#8221;4vw&#8221;]\n<h2 style=\"text-align: center;\"><em>GEXCON<\/em><\/h2>\n[\/nectar_highlighted_text][vc_column_text]\n<p style=\"text-align: center;\">Gexcon proporciona soluciones de gesti\u00f3n de la seguridad y los riesgos y de modelado avanzado de dispersi\u00f3n, explosiones e incendios.<\/p>\n[\/vc_column_text][\/vc_column_inner][\/vc_row_inner][\/vc_column][\/vc_row][vc_row type=&#8221;in_container&#8221; full_screen_row_position=&#8221;middle&#8221; column_margin=&#8221;default&#8221; column_direction=&#8221;default&#8221; column_direction_tablet=&#8221;default&#8221; column_direction_phone=&#8221;default&#8221; scene_position=&#8221;center&#8221; text_color=&#8221;dark&#8221; text_align=&#8221;left&#8221; row_border_radius=&#8221;none&#8221; row_border_radius_applies=&#8221;bg&#8221; overflow=&#8221;visible&#8221; overlay_strength=&#8221;0.3&#8243; gradient_direction=&#8221;left_to_right&#8221; shape_divider_position=&#8221;bottom&#8221; bg_image_animation=&#8221;none&#8221;][vc_column column_padding=&#8221;no-extra-padding&#8221; column_padding_tablet=&#8221;inherit&#8221; column_padding_phone=&#8221;inherit&#8221; column_padding_position=&#8221;all&#8221; column_element_direction_desktop=&#8221;default&#8221; column_element_spacing=&#8221;default&#8221; desktop_text_alignment=&#8221;default&#8221; tablet_text_alignment=&#8221;default&#8221; phone_text_alignment=&#8221;default&#8221; background_color_opacity=&#8221;1&#8243; background_hover_color_opacity=&#8221;1&#8243; column_backdrop_filter=&#8221;none&#8221; column_shadow=&#8221;none&#8221; column_border_radius=&#8221;none&#8221; column_link_target=&#8221;_self&#8221; column_position=&#8221;default&#8221; gradient_direction=&#8221;left_to_right&#8221; overlay_strength=&#8221;0.3&#8243; width=&#8221;1\/1&#8243; tablet_width_inherit=&#8221;default&#8221; animation_type=&#8221;default&#8221; bg_image_animation=&#8221;none&#8221; border_type=&#8221;simple&#8221; column_border_width=&#8221;none&#8221; column_border_style=&#8221;solid&#8221;][vc_column_text]VIAS3D ofrece la gama X-suite de productos de software de seguridad de Gexcon. La X-suite consta de herramientas de modelado de consecuencias en 3D (FLACS-CFD), herramientas de modelado de consecuencias en 2D (FLACS-EFFECTS y Shell FRED), herramientas de QRA (FLACS-Frequency, FLACS-RISKCURVES y Shell Shepherd) y una herramienta de planificaci\u00f3n previa al incidente (Shell PIPA).<br \/>\nGexcon es una empresa l\u00edder mundial en el campo de la gesti\u00f3n de la seguridad y los riesgos y la modelizaci\u00f3n avanzada de dispersiones, explosiones e incendios. Los conocimientos detallados de Gexcon sobre los fen\u00f3menos de explosi\u00f3n se han acumulado a lo largo de a\u00f1os de realizaci\u00f3n de amplios proyectos de investigaci\u00f3n, evaluaciones de seguridad, investigaciones de accidentes y pruebas f\u00edsicas. Tambi\u00e9n hemos participado en la investigaci\u00f3n de muchos accidentes de gran repercusi\u00f3n, como los de Buncefield, Piper Alpha, TWA 800 y la plataforma P-36 (Brasil). Proporcionamos soluciones a las necesidades de seguridad de nuestros clientes mediante el suministro de software de seguridad, servicios de consultor\u00eda, servicios y cursos de pruebas de incendios y explosiones. Prestamos servicio a una amplia gama de industrias, entre las que se incluyen la del petr\u00f3leo y el gas en fases anteriores, intermedias y posteriores, energ\u00edas renovables, generaci\u00f3n de energ\u00eda, fabricaci\u00f3n de autom\u00f3viles, fabricaci\u00f3n de alimentos y bebidas, productos farmac\u00e9uticos y muchas m\u00e1s.[\/vc_column_text][\/vc_column][\/vc_row]\n","protected":false},"excerpt":{"rendered":"<p>[vc_row type=&#8221;full_width_content&#8221; full_screen_row_position=&#8221;middle&#8221; column_margin=&#8221;default&#8221; column_direction=&#8221;default&#8221; column_direction_tablet=&#8221;default&#8221; column_direction_phone=&#8221;default&#8221; scene_position=&#8221;center&#8221; bottom_padding=&#8221;5%&#8221; left_padding_desktop=&#8221;27%&#8221; constrain_group_2=&#8221;yes&#8221; right_padding_desktop=&#8221;27%&#8221; top_padding_tablet=&#8221;20%&#8221; bottom_padding_tablet=&#8221;10%&#8221; left_padding_tablet=&#8221;20%&#8221; constrain_group_4=&#8221;yes&#8221; right_padding_tablet=&#8221;20%&#8221; left_padding_phone=&#8221;6%&#8221; constrain_group_6=&#8221;yes&#8221; right_padding_phone=&#8221;6%&#8221; text_color=&#8221;dark&#8221; text_align=&#8221;left&#8221; row_border_radius=&#8221;none&#8221; row_border_radius_applies=&#8221;bg&#8221; overflow=&#8221;visible&#8221; advanced_gradient_angle=&#8221;0&#8243; overlay_strength=&#8221;0.3&#8243; gradient_direction=&#8221;left_to_right&#8221; shape_divider_position=&#8221;bottom&#8221; bg_image_animation=&#8221;none&#8221;&#8230;<\/p>\n","protected":false},"author":2,"featured_media":0,"parent":0,"menu_order":0,"comment_status":"closed","ping_status":"closed","template":"","meta":{"footnotes":""},"class_list":["post-24544","page","type-page","status-publish"],"acf":[],"aioseo_notices":[],"_links":{"self":[{"href":"https:\/\/vias3d.live\/co\/wp-json\/wp\/v2\/pages\/24544","targetHints":{"allow":["GET"]}}],"collection":[{"href":"https:\/\/vias3d.live\/co\/wp-json\/wp\/v2\/pages"}],"about":[{"href":"https:\/\/vias3d.live\/co\/wp-json\/wp\/v2\/types\/page"}],"author":[{"embeddable":true,"href":"https:\/\/vias3d.live\/co\/wp-json\/wp\/v2\/users\/2"}],"replies":[{"embeddable":true,"href":"https:\/\/vias3d.live\/co\/wp-json\/wp\/v2\/comments?post=24544"}],"version-history":[{"count":0,"href":"https:\/\/vias3d.live\/co\/wp-json\/wp\/v2\/pages\/24544\/revisions"}],"wp:attachment":[{"href":"https:\/\/vias3d.live\/co\/wp-json\/wp\/v2\/media?parent=24544"}],"curies":[{"name":"wp","href":"https:\/\/api.w.org\/{rel}","templated":true}]}}